{"id":1075,"date":"2015-01-29T17:12:05","date_gmt":"2015-01-29T16:12:05","guid":{"rendered":"http:\/\/web.morosycristianosdeaspe.es\/?page_id=1075"},"modified":"2016-01-31T20:24:08","modified_gmt":"2016-01-31T19:24:08","slug":"politica-de-privacidad-web","status":"publish","type":"page","link":"https:\/\/web.morosycristianosdeaspe.es\/?page_id=1075","title":{"rendered":"Pol\u00edtica de Privacidad Web"},"content":{"rendered":"<p><strong>Protecci\u00f3n de datos personales.<\/strong><\/p>\n<p>La presente Pol\u00edtica de Privacidad ha sido desarrollada teniendo en cuenta lo dispuesto por la Ley Org\u00e1nica 15\/1999, de 13 de diciembre, de Protecci\u00f3n de Datos de car\u00e1cter personal y las Recomendaciones n\u00fam. 2\/2001, de 17 de mayo, y 1\/1999, de 23 de febrero, emitidas por el Grupo Europeo del Art\u00edculo 29 de conformidad con la Directiva 95\/46\/CE del Parlamento Europeo y del Consejo de 24 de octubre.<\/p>\n<p>A trav\u00e9s de este sitio web no se recoge, ni se cede a terceros, ning\u00fan dato personal sin el previo conocimiento efectivo de los usuarios.<\/p>\n<p><strong>Datos suministrados voluntariamente por el usuario<\/strong><\/p>\n<p>Los datos de car\u00e1cter personal que se soliciten, en su caso, a los usuarios, consistir\u00e1n \u00fanicamente en aquellos estrictamente imprescindibles para identificarlos y prestarles el servicio solicitado. Dicha informaci\u00f3n ser\u00e1 tratada con la exclusiva finalidad de proporcionarles una respuesta efectiva y cumplir con las finalidades correspondientes, especificadas junto a la opci\u00f3n o servicio que el usuario solicite.<\/p>\n<p>El usuario ser\u00e1 informado, con car\u00e1cter previo a la recogida de los datos, de los extremos regulados en esta pol\u00edtica a fin de que pueda prestar el consentimiento expreso, preciso e inequ\u00edvoco para el tratamiento de sus datos, conforme a las finalidades determinadas, expl\u00edcitas y leg\u00edtimas, indicadas en cada caso.<\/p>\n<p>Los datos de car\u00e1cter personal que se faciliten por el usuario a trav\u00e9s del correspondiente formulario web, o por correo electr\u00f3nico, se incorporar\u00e1n en un fichero debidamente inscrito en el Registro p\u00fablico de la Autoridad de Control competente, cuya responsabilidad corresponde a UNION DE MOROS Y CRISTIANOS VIRGEN DE LAS NIEVES.<\/p>\n<p><strong>Datos de navegaci\u00f3n.<\/strong><\/p>\n<p>El sistema de navegaci\u00f3n y el software necesarios para el funcionamiento de este sitio web recogen algunos datos de car\u00e1cter personal, cuya transmisi\u00f3n se halla impl\u00edcita en el uso de los protocolos de comunicaci\u00f3n de Internet.<\/p>\n<p>Dicha informaci\u00f3n no se obtiene para ser asociada a usuarios identificados, pero por su propia naturaleza podr\u00eda, a trav\u00e9s de su asociaci\u00f3n con datos de terceros, permitir la identificaci\u00f3n de los mismos. En esta categor\u00eda de datos se encuentran, la direcci\u00f3n IP o el nombre de dominio del ordenador utilizado por el usuario para conectarse al sitio web, la direcci\u00f3n URL del recurso solicitado, la hora, y otros par\u00e1metros relativos al sistema operativo del entorno inform\u00e1tico del usuario.<\/p>\n<p>Estos datos se utilizan con la exclusiva finalidad de obtener informaci\u00f3n estad\u00edstica an\u00f3nima sobre el uso del sitio web o controlar el correcto funcionamiento t\u00e9cnico del sitio web y se cancelan inmediatamente despu\u00e9s de su verificaci\u00f3n, sin perjuicio de las obligaciones establecidas por la Ley 34\/2002, de 11 de julio, de Servicios de Sociedad de la Informaci\u00f3n y Comercio Electr\u00f3nico.<\/p>\n<p><strong>Cookies o web bug<\/strong><\/p>\n<p>En ning\u00fan caso se utilizan cookies o web bugs para recabar datos personales identificativos del usuario. El uso de cookies o web bugs se reserva exclusivamente para facilitar al usuario accesibilidad al sitio web (preferencias y pautas de navegaci\u00f3n del usuario).<\/p>\n<p>El uso de cookies de sesi\u00f3n (que no son memorizadas de forma permanente en el ordenador del usuario y desaparecen cerrando el navegador), en su caso, \u00fanicamente se limitar\u00e1 a recoger informaci\u00f3n t\u00e9cnica para identificar la sesi\u00f3n con la finalidad de facilitar la exploraci\u00f3n segura y eficiente del sitio web.<\/p>\n<p>Si no desea permitir el uso de los elementos indicados, configure su navegador para que rechace las cookies y\/o elimine las existentes, y deshabilite el c\u00f3digo Java Script del navegador en la configuraci\u00f3n de seguridad.<\/p>\n<p><strong>Derechos de acceso, rectificaci\u00f3n, cancelaci\u00f3n y oposici\u00f3n<\/strong><\/p>\n<p>Los interesados podr\u00e1n ejercitar los derechos de acceso, rectificaci\u00f3n, cancelaci\u00f3n y oposici\u00f3n, regulados en los art\u00edculos 15 y siguientes de la Ley Org\u00e1nica 15\/1999, de 13 de diciembre, de Protecci\u00f3n de Datos de car\u00e1cter personal, o bien revocar el consentimiento prestado para el tratamiento de sus datos, dirigi\u00e9ndose a UNION DE MOROS Y CRISTIANOS VIRGEN DE LAS NIEVES, mediante escrito, acompa\u00f1ado de copia del documento oficial que acredite su identidad, remitido a la siguiente direcci\u00f3n: Calle Francisco Candela, 19 03680 Aspe (Alicante); o bien, remitiendo un correo electr\u00f3nico a comunicacion@morosycristianosdeaspe.es, indicando en la l\u00ednea de Asunto el derecho que desea ejercitar.<\/p>\n<p><strong>Enlaces<\/strong><\/p>\n<p>Esta pol\u00edtica de privacidad solo es de aplicaci\u00f3n a la p\u00e1gina web de UNION DE MOROS Y CRISTIANOS VIRGEN DE LAS NIEVES, no se garantiza en los accesos a trav\u00e9s de enlaces con este sitio, ni a los enlaces desde este sitio con otras webs.<\/p>\n<p><strong>Seguridad<\/strong><\/p>\n<p>Las medidas de seguridad adoptadas por UNION DE MOROS Y CRISTIANOS VIRGEN DE LAS NIEVES son las adecuadas al nivel de seguridad exigible a los datos que el usuario le facilita, de conformidad con lo previsto en el art\u00edculo 9 de la Ley Org\u00e1nica 15\/1999, de 13 de diciembre, de Protecci\u00f3n de Datos de car\u00e1cter personal y su Reglamento de desarrollo, aprobado por el Real Decreto 1720\/2007, de 21 de diciembre.<\/p>\n","protected":false},"excerpt":{"rendered":"<p>Protecci\u00f3n de datos personales. La presente Pol\u00edtica de Privacidad ha sido desarrollada teniendo en cuenta lo dispuesto por la Ley Org\u00e1nica 15\/1999, de 13 de diciembre, de Protecci\u00f3n de Datos de car\u00e1cter personal y las Recomendaciones n\u00fam. 2\/2001, de 17 de mayo, y 1\/1999, de 23 de febrero, emitidas por el Grupo Europeo del Art\u00edculo [&hellip;]<\/p>\n","protected":false},"author":1,"featured_media":0,"parent":95,"menu_order":10,"comment_status":"closed","ping_status":"closed","template":"onecolumn-page.php","meta":{"footnotes":""},"class_list":["post-1075","page","type-page","status-publish","hentry"],"_links":{"self":[{"href":"https:\/\/web.morosycristianosdeaspe.es\/index.php?rest_route=\/wp\/v2\/pages\/1075","targetHints":{"allow":["GET"]}}],"collection":[{"href":"https:\/\/web.morosycristianosdeaspe.es\/index.php?rest_route=\/wp\/v2\/pages"}],"about":[{"href":"https:\/\/web.morosycristianosdeaspe.es\/index.php?rest_route=\/wp\/v2\/types\/page"}],"author":[{"embeddable":true,"href":"https:\/\/web.morosycristianosdeaspe.es\/index.php?rest_route=\/wp\/v2\/users\/1"}],"replies":[{"embeddable":true,"href":"https:\/\/web.morosycristianosdeaspe.es\/index.php?rest_route=%2Fwp%2Fv2%2Fcomments&post=1075"}],"version-history":[{"count":1,"href":"https:\/\/web.morosycristianosdeaspe.es\/index.php?rest_route=\/wp\/v2\/pages\/1075\/revisions"}],"predecessor-version":[{"id":1076,"href":"https:\/\/web.morosycristianosdeaspe.es\/index.php?rest_route=\/wp\/v2\/pages\/1075\/revisions\/1076"}],"up":[{"embeddable":true,"href":"https:\/\/web.morosycristianosdeaspe.es\/index.php?rest_route=\/wp\/v2\/pages\/95"}],"wp:attachment":[{"href":"https:\/\/web.morosycristianosdeaspe.es\/index.php?rest_route=%2Fwp%2Fv2%2Fmedia&parent=1075"}],"curies":[{"name":"wp","href":"https:\/\/api.w.org\/{rel}","templated":true}]}}