{"id":1100,"date":"2015-03-11T10:25:27","date_gmt":"2015-03-11T09:25:27","guid":{"rendered":"http:\/\/web.morosycristianosdeaspe.es\/?page_id=1100"},"modified":"2015-03-27T12:32:23","modified_gmt":"2015-03-27T11:32:23","slug":"bases-de-concurso-de-cartel-anunciador-de-las-fiestas-2015","status":"publish","type":"page","link":"https:\/\/web.morosycristianosdeaspe.es\/?page_id=1100","title":{"rendered":"Bases de concurso de cartel anunciador de las Fiestas 2015"},"content":{"rendered":"<h1>BASES<\/h1>\n<h2>PRIMERA.- Participantes.<\/h2>\n<p>Podr\u00e1n participar en el concurso cuantos artistas y dise\u00f1adores est\u00e9n interesados en el mismo, individualmente o en equipo.<\/p>\n<h2>SEGUNDA.- Tema, caracter\u00edsticas t\u00e9cnicas, rotulaci\u00f3n y lema.<\/h2>\n<h3>A.- Tema:<\/h3>\n<p>El asunto de las obras deber\u00e1 tener en cuenta la Fiestas de Moros y Cristianos de Aspe.<\/p>\n<p>Los trabajos han de ser originales e in\u00e9ditos, no habiendo sido presentados en otras ediciones de este u otros concursos y que no supongan en todo o en parte, copia o plagio de obras publicadas propias o de otros artistas. Los autores ser\u00e1n responsables ante la Junta Central de Moros y Cristianos \u201cVirgen de las Nieves\u201d de Aspe y frente a terceros, del cumplimiento de lo establecido en estas bases.<\/p>\n<h3>B.- Caracter\u00edsticas t\u00e9cnicas:<\/h3>\n<p>Ser\u00e1n de concepci\u00f3n y t\u00e9cnicas libres, siempre que sea posible su reproducci\u00f3n.<\/p>\n<p>Los carteles se presentar\u00e1n montados sobre cart\u00f3n pluma de 1 cm. de espesor, como m\u00ednimo, sin cristal protector ni marco. Su formato ser\u00e1 vertical y tama\u00f1o 50 cm. x 70 cm.<\/p>\n<p>Los autores que opten por realizar sus obras mediante sistemas inform\u00e1ticos, deber\u00e1n aportar una reproducci\u00f3n a color con las medidas y dem\u00e1s caracter\u00edsticas anteriormente indicadas, as\u00ed como el correspondiente soporte digital con todos los ficheros necesarios para la obtenci\u00f3n de fotolitos, una ficha t\u00e9cnica de los procedimientos empleados, incluyendo las fuentes utilizadas y los originales de las im\u00e1genes en formato tiff o jpeg con una resoluci\u00f3n \u00f3ptima para su reproducci\u00f3n impresa, si fuera el caso.<\/p>\n<h3>C.- Rotulaci\u00f3n:<\/h3>\n<p>Los carteles contendr\u00e1n la siguiente leyenda en castellano \u201cMoros y Cristianos del 7 al 10 de Agosto de 2015. ASPE\u201d, situada preferentemente en la parte inferior de la obra.<\/p>\n<h3>D.- Lema:<\/h3>\n<p>En la parte trasera de los trabajos figurar\u00e1 un lema que servir\u00e1 para preservar la identidad del autor hasta el fallo del Jurado.<\/p>\n<h2>TERCERA.- Premios.<\/h2>\n<p>Se establecen los siguientes premios concedidos por la concejal\u00eda de Cultura del Ayuntamiento de Aspe:<\/p>\n<p>1.- Al cartel ganador 600 \u20ac.<br \/>\n2.- Acc\u00e9sit de 200 \u20ac al que quede en segundo lugar.<\/p>\n<h2>CUARTA.- Presentaci\u00f3n.<\/h2>\n<p>Los trabajos se presentar\u00e1n del 25 al 27 de mayo de 2015, ambos inclusive, en el vest\u00edbulo del teatro Wagner, calle Castelar, 10, de Aspe, en horario de 19 a 21 horas, o se enviar\u00e1n debidamente embalados a la misma direcci\u00f3n y exclusivamente en los d\u00edas y horario especificados. La organizaci\u00f3n no aceptar\u00e1 su recogida hasta desembalar el env\u00edo y comprobar que no presenta ning\u00fan da\u00f1o.<\/p>\n<p>En un sobre cerrado se incluir\u00e1 el nombre y apellidos del autor o autores de los trabajos, domicilio\/s, direcci\u00f3n\/es de e-mail y tel\u00e9fono\/s y una declaraci\u00f3n firmada indicando que el trabajo es original e in\u00e9dito.<br \/>\nEn el exterior del sobre indicado, aparecer\u00e1, en letras may\u00fasculas, el mismo lema que figure en la obra presentada, sin constar alusi\u00f3n alguna que permita identificar al concursante, siendo causa de exclusi\u00f3n del concurso el incumplimiento de esta norma.<\/p>\n<h2>QUINTA.- Jurado.<\/h2>\n<p>1.- Composici\u00f3n:<br \/>\nPresidente: El Concejal delegado de Cultura del Ayuntamiento de Aspe.<br \/>\nVocales: Cinco vocales a propuesta de la Junta Central de Moros y Cristianos \u201cVirgen de las Nieves\u201d de Aspe.<br \/>\nSecretario: Actuar\u00e1 como Secretario del jurado el Secretario de la Junta Central de Moros y Cristianos \u201cVirgen de las Nieves\u201d de Aspe.<\/p>\n<p>2.- El Jurado se constituir\u00e1 y reunir\u00e1 al objeto de emitir su fallo. En primer lugar, comprobar\u00e1 una a una todas las obras presentadas para verificar el efectivo cumplimiento de las condiciones establecidas en las presentes bases y, en consecuencia, pronunciarse sobre su admisi\u00f3n definitiva.<\/p>\n<p>3.- El Jurado, para formular su propuesta de concesi\u00f3n de premios, valorar\u00e1, adem\u00e1s de la concepci\u00f3n, su calidad gr\u00e1fica o pl\u00e1stica, su eficacia anunciadora o informativa y sus condiciones de reproducci\u00f3n.<\/p>\n<p>4.- El Jurado podr\u00e1 declarar desierto uno o m\u00e1s premios en el caso de considerar que ninguno de los trabajos presentados re\u00fanan los m\u00e9ritos suficientes para ser premiados.<\/p>\n<h2>SEXTA.- Trabajos premiados.<\/h2>\n<p>1.- Los trabajos premiados quedar\u00e1n en propiedad exclusiva de La Junta Central de Moros y Cristianos \u201cVirgen de las Nieves\u201d de Aspe y servir\u00e1n para anunciar y divulgar las Fiestas de Moros y Cristianos de Aspe en 2015.<\/p>\n<p>2.- El Primer Premio ser\u00e1 utilizado como cartel anunciador de la Fiesta de Moros y Cristianos de Aspe 2015 y portada del programa de fiestas 2015. El Acc\u00e9sit ser\u00e1 portada del cartel anunciador de la Media Fiesta de 2016.<\/p>\n<h2>SEPTIMA.- Trabajos no premiados.<\/h2>\n<p>Los trabajos no premiados podr\u00e1n ser recogidos por sus autores una vez resuelto el concurso y realizada la exposici\u00f3n p\u00fablica de los mismos, del 8 al 10 de junio de 2015, ambos inclusive, de 19 a 21 horas, en el vest\u00edbulo del teatro Wagner, calle Castelar, 10, de Aspe. Caso de que el autor quiera que se le remita a portes debidos por transportista, deber\u00e1 hacerlo constar llamando en los citados d\u00edas y horario al 965.49.39.45. Una vez pasado este plazo, la organizaci\u00f3n destruir\u00e1 los trabajos presentados as\u00ed como los datos de todos los participantes.<\/p>\n<h2>OCTAVA.- Normas finales.<\/h2>\n<p>1.- El hecho de participar en el concurso implica el conocimiento y aceptaci\u00f3n por todos los concursantes de las presentes bases, motivo por el cual no podr\u00e1n impugnarlas una vez formalizada la presentaci\u00f3n.<br \/>\n2.- Los \u00f3rganos competentes, en cada caso, quedar\u00e1n facultados para resolver las dudas que se presenten y tomar los acuerdos necesarios para el buen orden del concurso, en todo lo no previsto en estas Bases.<\/p>\n<p style=\"text-align: right;\"><em>En Aspe, a 10 de marzo de 2015.<\/em><\/p>\n<p>Puede descargar el tr\u00edptico de las presentes bases en formato PDF pulsando en el siguiente enlace: <a href=\"https:\/\/web.morosycristianosdeaspe.es\/wp-content\/uploads\/2015\/03\/Bases-Concurso-Carteles-Aspe-2015.pdf\">Bases Concurso Carteles UMyCVN Aspe 2015<\/a><\/p>\n","protected":false},"excerpt":{"rendered":"<p>BASES PRIMERA.- Participantes. Podr\u00e1n participar en el concurso cuantos artistas y dise\u00f1adores est\u00e9n interesados en el mismo, individualmente o en equipo. SEGUNDA.- Tema, caracter\u00edsticas t\u00e9cnicas, rotulaci\u00f3n y lema. A.- Tema: El asunto de las obras deber\u00e1 tener en cuenta la Fiestas de Moros y Cristianos de Aspe. Los trabajos han de ser originales e in\u00e9ditos, [&hellip;]<\/p>\n","protected":false},"author":1,"featured_media":0,"parent":95,"menu_order":20,"comment_status":"closed","ping_status":"closed","template":"onecolumn-page.php","meta":{"footnotes":""},"class_list":["post-1100","page","type-page","status-publish","hentry"],"_links":{"self":[{"href":"https:\/\/web.morosycristianosdeaspe.es\/index.php?rest_route=\/wp\/v2\/pages\/1100","targetHints":{"allow":["GET"]}}],"collection":[{"href":"https:\/\/web.morosycristianosdeaspe.es\/index.php?rest_route=\/wp\/v2\/pages"}],"about":[{"href":"https:\/\/web.morosycristianosdeaspe.es\/index.php?rest_route=\/wp\/v2\/types\/page"}],"author":[{"embeddable":true,"href":"https:\/\/web.morosycristianosdeaspe.es\/index.php?rest_route=\/wp\/v2\/users\/1"}],"replies":[{"embeddable":true,"href":"https:\/\/web.morosycristianosdeaspe.es\/index.php?rest_route=%2Fwp%2Fv2%2Fcomments&post=1100"}],"version-history":[{"count":3,"href":"https:\/\/web.morosycristianosdeaspe.es\/index.php?rest_route=\/wp\/v2\/pages\/1100\/revisions"}],"predecessor-version":[{"id":1104,"href":"https:\/\/web.morosycristianosdeaspe.es\/index.php?rest_route=\/wp\/v2\/pages\/1100\/revisions\/1104"}],"up":[{"embeddable":true,"href":"https:\/\/web.morosycristianosdeaspe.es\/index.php?rest_route=\/wp\/v2\/pages\/95"}],"wp:attachment":[{"href":"https:\/\/web.morosycristianosdeaspe.es\/index.php?rest_route=%2Fwp%2Fv2%2Fmedia&parent=1100"}],"curies":[{"name":"wp","href":"https:\/\/api.w.org\/{rel}","templated":true}]}}