{"id":1288,"date":"2015-09-16T21:23:44","date_gmt":"2015-09-16T20:23:44","guid":{"rendered":"http:\/\/web.morosycristianosdeaspe.es\/?page_id=1288"},"modified":"2016-07-15T21:26:53","modified_gmt":"2016-07-15T20:26:53","slug":"cronica-2015","status":"publish","type":"page","link":"https:\/\/web.morosycristianosdeaspe.es\/?page_id=1288","title":{"rendered":"Cr\u00f3nica de Fiestas 2015"},"content":{"rendered":"<p style=\"text-align: right;\">Carlos Aznar Pav\u00eda<br \/>\nCronista Oficial de Fiestas<\/p>\n<p style=\"text-align: left;\">CR\u00d3NICA DE LAS FIESTAS DE MOROS Y CRISTIANOS QUE ASPE CELEBRA,<br \/>\nEN HONOR A LA VIRGEN DE LAS NIEVES.<\/p>\n<h1 style=\"text-align: left;\">AS\u00cd FUE 2015.<\/h1>\n<p style=\"text-align: left;\">Siempre el s\u00e1bado anterior al comienzo de nuestras fiestas, estas arrancan con la presentaci\u00f3n de los Cargos festeros en el marco incomparable de la Plaza Mayor de Aspe. Un acto multitudinario lleno de m\u00fasica y color, muy preparado y cuidado al m\u00e1ximo.<br \/>\nEl 1 de agosto la comitiva compuestas por todos los Cargos Festeros, Presidente, Embajadores, y miembros de la uni\u00f3n de Moros y Cristianos, acompa\u00f1ados de la Banda del Ateneo Maestro Gilabert, despu\u00e9s del tradicional recorrido por las calles de la poblaci\u00f3n, irrumpieron en la mencionada plaza. Se ondearon las banderas, El Alcalde de Aspe Antonio Puerto Garc\u00eda, recibi\u00f3 a todos los cargos en los soportales del Ayuntamiento donde le fueron presentados, apretones de manos, besos, saludos al resto de invitados entre los que se encontraban la Alcaldesa de Monforte del Cid M\u00aa Dolores Berenguer Bell\u00f3, Presidente de la UNDEF Francisco L\u00f3pez P\u00e9rez Y representantes de barios pueblos festeros, todos brindamos por el buen desarrollo de las fiestas, antes de ocupar nuestros asientos, una vez sentados nos llegaba el aroma al\u00e1bega, (alvaca), de esta olorosa planta estaba decorado el gran escenario.<\/p>\n<p style=\"text-align: left;\">Con luz, sonido y dos pantallas para que el p\u00fablico no perdiese detalle, dio comienzo el espect\u00e1culo, presentado por Lorena Garc\u00eda Vicedo, que lo condujo derrochando gracia y simpat\u00eda. Una voz en off nos presento a los presentadores infantiles, de ello iba este primer bloque, David Mira y Julia P\u00e9rez , nos presentaron a los Cargos Infantiles 2015 y a continuaci\u00f3n a la Pregonera Infantil 2015 Blanca Alcolea Prieto, una ni\u00f1a de 10 a\u00f1os que nos encandilo a todos con su desparpajo. En su preg\u00f3n dijo cosas tan bonitas y graciosas como lo que cito: <em>\u00abDurante todo el a\u00f1o espero con impaciencia e ilusi\u00f3n estos cuatro d\u00edas. O\u00edr los aplausos de la gente cuando est\u00e1s desfilando \u00a1Es una pasada! Escuchar las bandas de m\u00fasica en la calle. \u00a1Eso es alegr\u00eda!<\/em><br \/>\n<em>Disfrazarte en la retreta, es genial. Creo que es el acto que m\u00e1s nos gusta a los ni\u00f1os. \u00bfSer\u00e1 porque vemos a los mayores haciendo de ni\u00f1os?\u00bb<\/em><\/p>\n<p style=\"text-align: left;\">En el bloque de los mayores como introducci\u00f3n y como testimonio generacional intervino, una familia festera que evidenciaban el pasado el presente y el futuro de la fiesta, abuelo, hija y nieto de la familia S\u00e1ez &#8211; Garrido Garc\u00eda.<img loading=\"lazy\" decoding=\"async\" class=\"alignleft size-full wp-image-1289\" src=\"https:\/\/web.morosycristianosdeaspe.es\/wp-content\/uploads\/2015\/09\/w1-Presentaci\u00f3n-c.-Ferstero.jpg\" alt=\"w1-Presentaci\u00f3n-c.-Ferstero\" width=\"800\" height=\"533\" srcset=\"https:\/\/web.morosycristianosdeaspe.es\/wp-content\/uploads\/2015\/09\/w1-Presentaci\u00f3n-c.-Ferstero.jpg 800w, https:\/\/web.morosycristianosdeaspe.es\/wp-content\/uploads\/2015\/09\/w1-Presentaci\u00f3n-c.-Ferstero-300x200.jpg 300w\" sizes=\"auto, (max-width: 800px) 100vw, 800px\" \/><\/p>\n<p style=\"text-align: left;\">Lorena, reclamo la presencia en el escenario de los presidentes de las distintas comparsas, para despu\u00e9s de despedirlos ir llamando por orden a los grandes protagonistas de las Fiestas, Los Cargos festeros que entre aplausos fueron ocupando sus asientos. Antonio Calero, nos present\u00f3 a la pregonera de las Fiestas de Moros y cristianos Francisca Calatayud Cutillas, la presentaci\u00f3n de Calero fue muy emotiva, entre el Pregonero 2014 y la pregonera hay una profunda y gran amistad esa noche se noto y quedo patente. Paqui, como todos llamamos a la Pregonera nos deleito con un preg\u00f3n lleno de vivencias y an\u00e9cdotas y entre otras cosas nos dijo: <em>\u00abporque este pueblo lo forman gente noble y comprensiva que ser\u00e1 capaz de entender y valorar el esfuerzo cuando sea de verdad de coraz\u00f3n, por muy dif\u00edciles que vengan los tiempos ya que es ahora en estos momentos de crisis, cuando m\u00e1s ten\u00e9is que apoyar y luchar juntos por el bien com\u00fan que todos los festero nos merecemos\u00bb.<img loading=\"lazy\" decoding=\"async\" class=\"alignleft size-full wp-image-1290\" src=\"https:\/\/web.morosycristianosdeaspe.es\/wp-content\/uploads\/2015\/09\/wIMG_8769.jpg\" alt=\"wIMG_8769\" width=\"800\" height=\"533\" srcset=\"https:\/\/web.morosycristianosdeaspe.es\/wp-content\/uploads\/2015\/09\/wIMG_8769.jpg 800w, https:\/\/web.morosycristianosdeaspe.es\/wp-content\/uploads\/2015\/09\/wIMG_8769-300x200.jpg 300w\" sizes=\"auto, (max-width: 800px) 100vw, 800px\" \/><\/em><\/p>\n<p style=\"text-align: left;\">Colocaci\u00f3n de insignias a las pregoneras y al pregonero infantil 2014 por el Presidente de la Uni\u00f3 Francisco Vives Tenza, firmas en el Libro de Oro, palabras del Presidente y del Alcalde de Aspe, para despu\u00e9s como colof\u00f3n la banda de m\u00fasica antes citada y dirigida por Alfredo Cerd\u00e1n, cerr\u00f3 el acto con un concierto interpretando las marchas de las Capitan\u00edas y tambi\u00e9n el Pasodoble Embajadores, mientras unos espectaculares fuegos artificiales iluminaban la noche.<\/p>\n<h2 style=\"text-align: left;\">Viernes 7 de agosto.<\/h2>\n<p style=\"text-align: left;\">Es el d\u00eda en el que aunque la entrada oficial de bandas de m\u00fasica no se realiza hasta las 20:00 h. mucho antes del medio d\u00eda ya se escuchan las diferentes bandas, porque la fiesta ya est\u00e1 en la calle, es tambi\u00e9n el d\u00eda de las paellas, en todos los cuartelillos y cabilas, pero la entrada oficial fue puntual y ordenada. La comitiva oficial parti\u00f3 de la sede de la Uni\u00f3n, al encuentro de las comparsas concentradas en el ensanche de la denominada Cruz de Orihuela, esta comitiva estaba compuesta, por la bandera de la Uni\u00f3n portada por el Alcalde de Fiestas, Rey y Reina, Sult\u00e1n y Sultana, y tambi\u00e9n los infantiles, el Alcalde de Aspe, Presidente de la Uni\u00f3n, Embajadores y Idelfonso San Crist\u00f3bal Ferriz Asesor musical de la UNDEF y Director del Himno de las Fiestas de Moros y Cristianos de Aspe 2015. A la llegada de la comitiva se inicio la entrada oficial que culmino en el Parque Doctor Calatayud, donde despu\u00e9s de 35 a\u00f1os se hab\u00eda vuelto a colocar el castillo de las Embajadas. En este mismo emplazamiento, el que suscribe est\u00e1 cr\u00f3nica estren\u00f3 la primera embajada, siendo el primer Embajador del Bando Cristiano.<img loading=\"lazy\" decoding=\"async\" class=\"alignleft size-full wp-image-1291\" src=\"https:\/\/web.morosycristianosdeaspe.es\/wp-content\/uploads\/2015\/09\/w2-Comienzo-de-las-fiestas.jpg\" alt=\"w2-Comienzo-de-las-fiestas\" width=\"800\" height=\"533\" srcset=\"https:\/\/web.morosycristianosdeaspe.es\/wp-content\/uploads\/2015\/09\/w2-Comienzo-de-las-fiestas.jpg 800w, https:\/\/web.morosycristianosdeaspe.es\/wp-content\/uploads\/2015\/09\/w2-Comienzo-de-las-fiestas-300x200.jpg 300w\" sizes=\"auto, (max-width: 800px) 100vw, 800px\" \/><\/p>\n<p style=\"text-align: left;\">La comitiva mencionada ocupo las almenas del castillo, el Alcalde de Aspe entrego el bast\u00f3n de mando al Acalde de Fiestas. Se iz\u00f3 la bandera del Bando Moro, Presidente y Alcalde con sus palabras dieron por iniciadas las fiestas y el gran m\u00fasico invitado Idelfonso San Crist\u00f3bal, levant\u00f3 la batuta para dirigir las bandas de m\u00fasica de las diferentes comparsas, en el Himno de las Fiestas de Moros y Cristianos de Aspe, cantado y vuelto a cantar en un mar de banderas y festeros que llegaron a emocionar al Asesor Musical de la UNDEF.<\/p>\n<p style=\"text-align: left;\">A las 00:00 h. los Moros y Cristianos volv\u00edamos a tomar las calles, con un desfile multicolor lla<img loading=\"lazy\" decoding=\"async\" class=\"alignleft size-medium wp-image-1292\" src=\"https:\/\/web.morosycristianosdeaspe.es\/wp-content\/uploads\/2015\/09\/wIMG_9739-300x200.jpg\" alt=\"wIMG_9739\" width=\"300\" height=\"200\" srcset=\"https:\/\/web.morosycristianosdeaspe.es\/wp-content\/uploads\/2015\/09\/wIMG_9739-300x200.jpg 300w, https:\/\/web.morosycristianosdeaspe.es\/wp-content\/uploads\/2015\/09\/wIMG_9739.jpg 800w\" sizes=\"auto, (max-width: 300px) 100vw, 300px\" \/>mado Retreta. Si el festero se lo pasa bien, el p\u00fablico que asiste como espectador y que adem\u00e1s desborda todo el recorrido, se lo pasa m\u00e1s que bien. La imaginaci\u00f3n y la originalidad en el festero a la hora de confeccionarse un disfraz es alucinante y en esta edici\u00f3n no fue menos. Fue la noche m\u00e1s divertida a pesar del sofocante calor.<\/p>\n<h2 style=\"text-align: left;\">S\u00e1bado 8 de agosto.<\/h2>\n<p style=\"text-align: left;\">Presidente y Junta de la uni\u00f3n de Moros y Cristianos, Cargos con sus respetivas banderas, bandas de m\u00fasica y un gran n\u00famero de festero, recorrimos las calles de la poblaci\u00f3n, era el segundo a\u00f1o que desde el castillo de las embajadas realiz\u00e1bamos el Pasacalles Festero, para volver al punto de partida.<\/p>\n<p style=\"text-align: left;\">A las 21:00 h puntual ordenada y dando la salida desde una potente megafon\u00eda Enrique Alenda, iba poniendo a cada uno en su sitio y la Entrada Mora a pesar de lo dif\u00edcil que es ordenar caballos, carrosas, bandas de m\u00fasica, boatos, escuadras etc y adem\u00e1s con la amenaza de lluvia pues a pesar del sofocante calor la nubes no dejaron de tontear con un fina llovizna. A pesar de todo lo expuesto Enrique, siempre lo consigue y la Entrada Mora fue ordenada y espectacular, cerraba la Comparsa Moros Sulayman con sus sultanes mayores e infantiles en una enorme y espectacular carroza, su vestimenta era de much\u00edsimo gusto parec\u00eda sacada de los cuentos de \u00abLas Mil Y Una Noche\u00bb, el boato era grandes torres con fuego real y guerreros con enormes banderas de varios colores haciendo n\u00fameros muy dif\u00edciles con ellas.<img loading=\"lazy\" decoding=\"async\" class=\"alignleft size-full wp-image-1293\" src=\"https:\/\/web.morosycristianosdeaspe.es\/wp-content\/uploads\/2015\/09\/w3-Sultanes.jpg\" alt=\"w3--Sultanes\" width=\"800\" height=\"533\" srcset=\"https:\/\/web.morosycristianosdeaspe.es\/wp-content\/uploads\/2015\/09\/w3-Sultanes.jpg 800w, https:\/\/web.morosycristianosdeaspe.es\/wp-content\/uploads\/2015\/09\/w3-Sultanes-300x200.jpg 300w\" sizes=\"auto, (max-width: 800px) 100vw, 800px\" \/><\/p>\n<h2 style=\"text-align: left;\">Domingo 9 de agosto.<\/h2>\n<p style=\"text-align: left;\">A las 11:00 h. partimos desde la Plaza Mayor hacia la Residencia de Ancianos Virgen de las Nieves. Todas las comparsa estaban representadas por sus cargos, y un gran n\u00famero de filas, el calor no daba tregua pero los residentes no se quedaron sin su desfile de todos los a\u00f1os. Tres bandas de m\u00fasica nos acompa\u00f1aron en el recorrido y en el desfile a los ancianos.<\/p>\n<p style=\"text-align: left;\">A las 20:00 h. los ni\u00f1os tuvieron su particular desfile, un iniciativa de la Uni\u00f3n, a la que van sum\u00e1ndose a\u00f1o tras a\u00f1o m\u00e1s ni\u00f1os, esta edici\u00f3n ha sido la m\u00e1s numerosa y donde los Cargos Infantiles se sintieron muy importante, al capitanear a un gran n\u00famero de ni\u00f1os, todos recibieron un obsequio al termino del desfile.<\/p>\n<p style=\"text-align: left;\">El desfile Infantil por un lado y por otro la Guerrilla con sus atronadores \u00abtrabucazos\u00bb. Todos acabaron en el Castillo de las embajadas, para desde all\u00ed dirigirse a la Bas\u00edlica y con mucho orden fueron entrando en ella, para tomar parte en la Misa Festera, donde Reyes y Sultanes tomaron parte en la lecturas y ofrenda a la Virgen de las Nieves, que este a\u00f1o por ser impar las fiestas se la dedican el pueblo de Hond\u00f3n y all\u00ed se encontraba la Patrona de los dos pueblos. Una Imagen de la Virgen de las Nieves, que se venera en una capilla de una calle que lleva su nombre, presidia la Eucarist\u00eda en el lado de la Ep\u00edstola, llevada a la Bas\u00edlica por los vecinos de la citada calle. La Misa Festera fue acompa\u00f1ada con el \u00f3rgano y cantada por un joven con una gran voz Misael Pav\u00eda Mart\u00ednez y concelebrada por un joven Sacerdote y extraordinario Festero Javier Colomina Campos y por el Rector de la Bas\u00edlica D. Fernando Navarro Cremades.<a href=\"https:\/\/web.morosycristianosdeaspe.es\/wp-content\/uploads\/2015\/09\/wEmbajada-Aspe-2015.jpg\"><img loading=\"lazy\" decoding=\"async\" class=\"alignleft size-full wp-image-1294\" src=\"https:\/\/web.morosycristianosdeaspe.es\/wp-content\/uploads\/2015\/09\/wEmbajada-Aspe-2015.jpg\" alt=\"wEmbajada--Aspe-2015\" width=\"800\" height=\"533\" srcset=\"https:\/\/web.morosycristianosdeaspe.es\/wp-content\/uploads\/2015\/09\/wEmbajada-Aspe-2015.jpg 800w, https:\/\/web.morosycristianosdeaspe.es\/wp-content\/uploads\/2015\/09\/wEmbajada-Aspe-2015-300x200.jpg 300w\" sizes=\"auto, (max-width: 800px) 100vw, 800px\" \/><\/a><\/p>\n<p style=\"text-align: left;\"><a href=\"https:\/\/web.morosycristianosdeaspe.es\/wp-content\/uploads\/2015\/09\/wEmbajada-de-Aspe.jpg\"><img loading=\"lazy\" decoding=\"async\" class=\"alignleft size-medium wp-image-1295\" src=\"https:\/\/web.morosycristianosdeaspe.es\/wp-content\/uploads\/2015\/09\/wEmbajada-de-Aspe-300x200.jpg\" alt=\"wEmbajada-de-Aspe\" width=\"300\" height=\"200\" srcset=\"https:\/\/web.morosycristianosdeaspe.es\/wp-content\/uploads\/2015\/09\/wEmbajada-de-Aspe-300x200.jpg 300w, https:\/\/web.morosycristianosdeaspe.es\/wp-content\/uploads\/2015\/09\/wEmbajada-de-Aspe.jpg 800w\" sizes=\"auto, (max-width: 300px) 100vw, 300px\" \/><\/a>De la Bas\u00edlica de nuevo al Parque Doctor Calatayud, donde ya esperaba un numeroso p\u00fablico a que diese comienzo la Embajada, el recinto era el apropiado, ese era el comentario m\u00e1s generalizado. La comisi\u00f3n encargada de este importante acto, puso toda la carne en el asador y la coreograf\u00eda fue perfecta, las entradas de los dos Embajadores, tambi\u00e9n, M\u00fasica, efectos especiales, pantalla de grandes dimensiones, luchadores profesionales, en fin un gran despliegue de medios que hicieron superarse a Jos\u00e9 Berenguer Embajador moro y a Jos\u00e9 Vicente Botella Embajador Cristiano, el Juglar que tambi\u00e9n tiene un destacado papel, por segundo a\u00f1o fue Jos\u00e9 Mateo, el Vig\u00eda Salvador Prieto. Al finalizar el acto, la fuente del Parque que se encuentra en el centro del mismo y delante del castillo estaba preparada, para en vez de manar agua por sus ca\u00f1os estos se convirtieran en una cascada de fuegos artificiales que sorprendi\u00f3 mucho al p\u00fablico, un p\u00fablico que aguanto una llovizna todo el tiempo que duro el acto y que en ning\u00fan momento abandono el recinto.<\/p>\n<h2 style=\"text-align: left;\">Lunes 10 de agosto<\/h2>\n<p style=\"text-align: left;\">La Entrada Cristiana result\u00f3 como la Mora, un derroche de fantas\u00eda y color, un gran espect\u00e1culo dir\u00eda yo, sin ning\u00fan tipo de incidentes, ordenada y sin esos cortes que a nadie gustan. El boato de la Comparsa Estudiantes que ostentaba la Capitan\u00eda Cristiana dejaba al p\u00fablico perplejo y sorprendido, Rey y Reina mayores e infantiles, a lomo de un enorme drag\u00f3n alado, mientras un formidable ballet todo de chicas bailaban un trepidante n\u00famero alrededor de la carroza, la vestimenta del ballet estaba inspirada en los trajes de estudiantes.<img loading=\"lazy\" decoding=\"async\" class=\"alignleft size-full wp-image-1296\" src=\"https:\/\/web.morosycristianosdeaspe.es\/wp-content\/uploads\/2015\/09\/w8-Reyes-Cristianos.jpg\" alt=\"w8-Reyes-Cristianos\" width=\"800\" height=\"533\" srcset=\"https:\/\/web.morosycristianosdeaspe.es\/wp-content\/uploads\/2015\/09\/w8-Reyes-Cristianos.jpg 800w, https:\/\/web.morosycristianosdeaspe.es\/wp-content\/uploads\/2015\/09\/w8-Reyes-Cristianos-300x200.jpg 300w\" sizes=\"auto, (max-width: 800px) 100vw, 800px\" \/><\/p>\n<p style=\"text-align: left;\">Finalizado el desfile, autoridades locales e invitados entre los que se encontraban las Alcaldesas de Hond\u00f3n de la Nieves Raquel Asencio, y la de Monforte del Cid M\u00aa Dolores Berenguer, tambi\u00e9n el Concejal de Juventud de San Vicente del Raspeig Javier Mart\u00ednez, adem\u00e1s del Presidente de la UNDEF, presidentes y miembros de pueblos festeros, Cargos Festeros, Presidente y miembros de la junta y dem\u00e1s invitados, desde la tribuna nos dirigimos al castillo de las embajadas, donde se dio el fallo de los Premios Miguel Iborra. Las capitan\u00edas as\u00ed como el Alcalde de Fiestas entregaron sus respectivas banderas y se clausuraron las Fiestas de Moros y Cristianos 2015. La noche acab\u00f3 en animada conversaci\u00f3n sobre temas festeros en los jardines de la Casa del Cisco donde se sirvi\u00f3 un vino de honor.<\/p>\n","protected":false},"excerpt":{"rendered":"<p>Carlos Aznar Pav\u00eda Cronista Oficial de Fiestas CR\u00d3NICA DE LAS FIESTAS DE MOROS Y CRISTIANOS QUE ASPE CELEBRA, EN HONOR A LA VIRGEN DE LAS NIEVES. AS\u00cd FUE 2015. Siempre el s\u00e1bado anterior al comienzo de nuestras fiestas, estas arrancan con la presentaci\u00f3n de los Cargos festeros en el marco incomparable de la Plaza Mayor [&hellip;]<\/p>\n","protected":false},"author":1,"featured_media":0,"parent":77,"menu_order":50,"comment_status":"closed","ping_status":"closed","template":"onecolumn-page.php","meta":{"footnotes":""},"class_list":["post-1288","page","type-page","status-publish","hentry"],"_links":{"self":[{"href":"https:\/\/web.morosycristianosdeaspe.es\/index.php?rest_route=\/wp\/v2\/pages\/1288","targetHints":{"allow":["GET"]}}],"collection":[{"href":"https:\/\/web.morosycristianosdeaspe.es\/index.php?rest_route=\/wp\/v2\/pages"}],"about":[{"href":"https:\/\/web.morosycristianosdeaspe.es\/index.php?rest_route=\/wp\/v2\/types\/page"}],"author":[{"embeddable":true,"href":"https:\/\/web.morosycristianosdeaspe.es\/index.php?rest_route=\/wp\/v2\/users\/1"}],"replies":[{"embeddable":true,"href":"https:\/\/web.morosycristianosdeaspe.es\/index.php?rest_route=%2Fwp%2Fv2%2Fcomments&post=1288"}],"version-history":[{"count":2,"href":"https:\/\/web.morosycristianosdeaspe.es\/index.php?rest_route=\/wp\/v2\/pages\/1288\/revisions"}],"predecessor-version":[{"id":1298,"href":"https:\/\/web.morosycristianosdeaspe.es\/index.php?rest_route=\/wp\/v2\/pages\/1288\/revisions\/1298"}],"up":[{"embeddable":true,"href":"https:\/\/web.morosycristianosdeaspe.es\/index.php?rest_route=\/wp\/v2\/pages\/77"}],"wp:attachment":[{"href":"https:\/\/web.morosycristianosdeaspe.es\/index.php?rest_route=%2Fwp%2Fv2%2Fmedia&parent=1288"}],"curies":[{"name":"wp","href":"https:\/\/api.w.org\/{rel}","templated":true}]}}