{"id":1574,"date":"2016-07-26T15:14:29","date_gmt":"2016-07-26T14:14:29","guid":{"rendered":"http:\/\/web.morosycristianosdeaspe.es\/?page_id=1574"},"modified":"2017-08-04T19:39:26","modified_gmt":"2017-08-04T18:39:26","slug":"miercoles-10-de-agosto-entrada-cristiana-y-entrega-de-banderas","status":"publish","type":"page","link":"https:\/\/web.morosycristianosdeaspe.es\/?page_id=1574","title":{"rendered":"Jueves 10 de Agosto. Entrada Cristiana y Entrega de Banderas."},"content":{"rendered":"<h1><span style=\"color: #0000ff;\">Entrada Cristiana.<\/span><\/h1>\n<p><em>Tradicional Entrada Cristiana por las calles de nuestro pueblo.<\/em><\/p>\n<p>&nbsp;<\/p>\n<p><strong>Hora de salida:<\/strong> 20:45 h.<\/p>\n<p><strong>Itinerario:<\/strong>&nbsp; Fuente calle Castelar, Castelar, San Pedro, San Jos\u00e9, Avd. Constituci\u00f3n, Pedro Galipienso, Parque Dr. Calatayud, lateral Mercado con esquina de \u201cTelas Alberola\u201d, Parque Dr. Calatayud y Dr. Mara\u00f1\u00f3n.<\/p>\n<p><strong>Orden de salida:<\/strong><\/p>\n<ul>\n<li>Bandera de la Uni\u00f3n.<\/li>\n<li>Bando Moro.\n<ul>\n<li>Moros Aljau (Sultanato)<\/li>\n<li>Moros Alcan\u00e1.<\/li>\n<li>Moros Sulaym\u00e1n.<\/li>\n<li>Moros Fauqu\u00edes&nbsp;<\/li>\n<\/ul>\n<\/li>\n<li>Bando Cristiano.\n<ul>\n<li>Cristianos Contrabandistas de la Sierra Negra&nbsp;<\/li>\n<li>Cristianos Estudiantes.<\/li>\n<li>Cristianos Duque de Maqueda.<\/li>\n<li>Cristianos Lanceros de Uchel.(Reinado)<\/li>\n<\/ul>\n<\/li>\n<\/ul>\n<p>&nbsp;<\/p>\n<h1><span style=\"color: #0000ff;\">Fallo de los Premios Miguel Iborra y Entrega de Banderas.<\/span><\/h1>\n<p><em>Acto que se desarrolla en la puerta del Castillo de Embajada, donde se dan a conocer los premios MIGUEL IBORRA y se realiza la tradicional arriada de la bandera del bando cristiano y posterior entrega de banderas de cada bando. Dando as\u00ed por finalizadas las Fiestas 2017<\/em><\/p>\n<p><strong>Hora del acto: <\/strong>23:00 h. Aprox.<\/p>\n<p><strong>Itinerario: <\/strong>Tribuna de Autoridades, Avd. Constituci\u00f3n, Calle Pedro Galipienso, Parque Dr. Calatayud, Castillo de Embajada.<\/p>\n","protected":false},"excerpt":{"rendered":"<p>Entrada Cristiana. Tradicional Entrada Cristiana por las calles de nuestro pueblo. &nbsp; Hora de salida: 20:45 h. Itinerario:&nbsp; Fuente calle Castelar, Castelar, San Pedro, San Jos\u00e9, Avd. Constituci\u00f3n, Pedro Galipienso, Parque Dr. Calatayud, lateral Mercado con esquina de \u201cTelas Alberola\u201d, Parque Dr. Calatayud y Dr. Mara\u00f1\u00f3n. Orden de salida: Bandera de la Uni\u00f3n. Bando Moro. [&hellip;]<\/p>\n","protected":false},"author":1,"featured_media":0,"parent":1560,"menu_order":95,"comment_status":"closed","ping_status":"closed","template":"","meta":{"footnotes":""},"class_list":["post-1574","page","type-page","status-publish","hentry"],"_links":{"self":[{"href":"https:\/\/web.morosycristianosdeaspe.es\/index.php?rest_route=\/wp\/v2\/pages\/1574","targetHints":{"allow":["GET"]}}],"collection":[{"href":"https:\/\/web.morosycristianosdeaspe.es\/index.php?rest_route=\/wp\/v2\/pages"}],"about":[{"href":"https:\/\/web.morosycristianosdeaspe.es\/index.php?rest_route=\/wp\/v2\/types\/page"}],"author":[{"embeddable":true,"href":"https:\/\/web.morosycristianosdeaspe.es\/index.php?rest_route=\/wp\/v2\/users\/1"}],"replies":[{"embeddable":true,"href":"https:\/\/web.morosycristianosdeaspe.es\/index.php?rest_route=%2Fwp%2Fv2%2Fcomments&post=1574"}],"version-history":[{"count":5,"href":"https:\/\/web.morosycristianosdeaspe.es\/index.php?rest_route=\/wp\/v2\/pages\/1574\/revisions"}],"predecessor-version":[{"id":1914,"href":"https:\/\/web.morosycristianosdeaspe.es\/index.php?rest_route=\/wp\/v2\/pages\/1574\/revisions\/1914"}],"up":[{"embeddable":true,"href":"https:\/\/web.morosycristianosdeaspe.es\/index.php?rest_route=\/wp\/v2\/pages\/1560"}],"wp:attachment":[{"href":"https:\/\/web.morosycristianosdeaspe.es\/index.php?rest_route=%2Fwp%2Fv2%2Fmedia&parent=1574"}],"curies":[{"name":"wp","href":"https:\/\/api.w.org\/{rel}","templated":true}]}}