{"id":580,"date":"2013-12-09T18:33:36","date_gmt":"2013-12-09T17:33:36","guid":{"rendered":"http:\/\/web.morosycristianosdeaspe.es\/?page_id=580"},"modified":"2013-12-11T21:46:35","modified_gmt":"2013-12-11T20:46:35","slug":"area-privada-junta-central","status":"publish","type":"page","link":"https:\/\/web.morosycristianosdeaspe.es\/?page_id=580","title":{"rendered":"\u00c1rea comparsas"},"content":{"rendered":"<p>\u00c1rea restringida para notificaciones de cada comparsa.<\/p>\n<ul>\n<li><a title=\"Duque de Maqueda\" href=\"https:\/\/web.morosycristianosdeaspe.es\/?page_id=585\">Duque de Maqueda<\/a><\/li>\n<li><a title=\"Moros Aljau\" href=\"https:\/\/web.morosycristianosdeaspe.es\/?page_id=595\">Moros Aljau<\/a><\/li>\n<li><a title=\"Moros Fauqu\u00edes\" href=\"https:\/\/web.morosycristianosdeaspe.es\/?page_id=591\">Moros Fauqu\u00edes<\/a><\/li>\n<li><a title=\"Estudiantes\" href=\"https:\/\/web.morosycristianosdeaspe.es\/?page_id=597\">Estudiantes<\/a><\/li>\n<li><a title=\"Moros Alcan\u00e1\" href=\"https:\/\/web.morosycristianosdeaspe.es\/?page_id=599\">Moros Alcan\u00e1<\/a><\/li>\n<li><a title=\"Cristianos Lanceros de Uchel\" href=\"https:\/\/web.morosycristianosdeaspe.es\/?page_id=601\">Cristianos Lanceros de Uchel<\/a><\/li>\n<li><a title=\"Moros Sulaym\u00e1n\" href=\"https:\/\/web.morosycristianosdeaspe.es\/?page_id=603\">Moros Sulaym\u00e1n<\/a><\/li>\n<li><a title=\"C. Contrabandistas de la Sierra Negra\" href=\"https:\/\/web.morosycristianosdeaspe.es\/?page_id=605\">Cristianos Contrabandistas de la Sierra Negra<\/a><\/li>\n<\/ul>\n<p>Si no dispones de contrase\u00f1a para acceder, solic\u00edtala a la Secretar\u00eda de la Uni\u00f3n.<\/p>\n","protected":false},"excerpt":{"rendered":"<p>\u00c1rea restringida para notificaciones de cada comparsa. Duque de Maqueda Moros Aljau Moros Fauqu\u00edes Estudiantes Moros Alcan\u00e1 Cristianos Lanceros de Uchel Moros Sulaym\u00e1n Cristianos Contrabandistas de la Sierra Negra Si no dispones de contrase\u00f1a para acceder, solic\u00edtala a la Secretar\u00eda de la Uni\u00f3n.<\/p>\n","protected":false},"author":1,"featured_media":0,"parent":0,"menu_order":70,"comment_status":"closed","ping_status":"closed","template":"onecolumn-page.php","meta":{"footnotes":""},"class_list":["post-580","page","type-page","status-publish","hentry"],"_links":{"self":[{"href":"https:\/\/web.morosycristianosdeaspe.es\/index.php?rest_route=\/wp\/v2\/pages\/580","targetHints":{"allow":["GET"]}}],"collection":[{"href":"https:\/\/web.morosycristianosdeaspe.es\/index.php?rest_route=\/wp\/v2\/pages"}],"about":[{"href":"https:\/\/web.morosycristianosdeaspe.es\/index.php?rest_route=\/wp\/v2\/types\/page"}],"author":[{"embeddable":true,"href":"https:\/\/web.morosycristianosdeaspe.es\/index.php?rest_route=\/wp\/v2\/users\/1"}],"replies":[{"embeddable":true,"href":"https:\/\/web.morosycristianosdeaspe.es\/index.php?rest_route=%2Fwp%2Fv2%2Fcomments&post=580"}],"version-history":[{"count":5,"href":"https:\/\/web.morosycristianosdeaspe.es\/index.php?rest_route=\/wp\/v2\/pages\/580\/revisions"}],"predecessor-version":[{"id":610,"href":"https:\/\/web.morosycristianosdeaspe.es\/index.php?rest_route=\/wp\/v2\/pages\/580\/revisions\/610"}],"wp:attachment":[{"href":"https:\/\/web.morosycristianosdeaspe.es\/index.php?rest_route=%2Fwp%2Fv2%2Fmedia&parent=580"}],"curies":[{"name":"wp","href":"https:\/\/api.w.org\/{rel}","templated":true}]}}