{"id":95,"date":"2013-05-29T13:02:24","date_gmt":"2013-05-29T11:02:24","guid":{"rendered":"http:\/\/noticias.morosycristianosdeaspe.es\/?page_id=95"},"modified":"2016-01-31T20:29:26","modified_gmt":"2016-01-31T19:29:26","slug":"documentacion","status":"publish","type":"page","link":"https:\/\/web.morosycristianosdeaspe.es\/?page_id=95","title":{"rendered":"Documentaci\u00f3n"},"content":{"rendered":"<p>En esta secci\u00f3n se incluye toda la documentaci\u00f3n de naturaleza festera que la Uni\u00f3n de Moros y Cristianos V.N. dispone para que sea accesible por cualquier festero que la necesite.<\/p>\n<p><a href=\"https:\/\/web.morosycristianosdeaspe.es\/?page_id=1319\">Documentaci\u00f3n General (Estatutos, formularios, partituras, textos embajada, &#8230;).<\/a><\/p>\n<p><a href=\"https:\/\/web.morosycristianosdeaspe.es\/?page_id=1075\">Pol\u00edtica de privacidad web (Cumplimiento LOPD).<\/a><\/p>\n<p>Programas de fiestas de a\u00f1os anteriores.<\/p>\n<h1><\/h1>\n","protected":false},"excerpt":{"rendered":"<p>En esta secci\u00f3n se incluye toda la documentaci\u00f3n de naturaleza festera que la Uni\u00f3n de Moros y Cristianos V.N. dispone para que sea accesible por cualquier festero que la necesite. Documentaci\u00f3n General (Estatutos, formularios, partituras, textos embajada, &#8230;). Pol\u00edtica de privacidad web (Cumplimiento LOPD). Programas de fiestas de a\u00f1os anteriores.<\/p>\n","protected":false},"author":1,"featured_media":0,"parent":0,"menu_order":30,"comment_status":"closed","ping_status":"open","template":"onecolumn-page.php","meta":{"footnotes":""},"class_list":["post-95","page","type-page","status-publish","hentry"],"_links":{"self":[{"href":"https:\/\/web.morosycristianosdeaspe.es\/index.php?rest_route=\/wp\/v2\/pages\/95","targetHints":{"allow":["GET"]}}],"collection":[{"href":"https:\/\/web.morosycristianosdeaspe.es\/index.php?rest_route=\/wp\/v2\/pages"}],"about":[{"href":"https:\/\/web.morosycristianosdeaspe.es\/index.php?rest_route=\/wp\/v2\/types\/page"}],"author":[{"embeddable":true,"href":"https:\/\/web.morosycristianosdeaspe.es\/index.php?rest_route=\/wp\/v2\/users\/1"}],"replies":[{"embeddable":true,"href":"https:\/\/web.morosycristianosdeaspe.es\/index.php?rest_route=%2Fwp%2Fv2%2Fcomments&post=95"}],"version-history":[{"count":13,"href":"https:\/\/web.morosycristianosdeaspe.es\/index.php?rest_route=\/wp\/v2\/pages\/95\/revisions"}],"predecessor-version":[{"id":2087,"href":"https:\/\/web.morosycristianosdeaspe.es\/index.php?rest_route=\/wp\/v2\/pages\/95\/revisions\/2087"}],"wp:attachment":[{"href":"https:\/\/web.morosycristianosdeaspe.es\/index.php?rest_route=%2Fwp%2Fv2%2Fmedia&parent=95"}],"curies":[{"name":"wp","href":"https:\/\/api.w.org\/{rel}","templated":true}]}}